{"id":1360,"date":"2024-01-30T14:25:04","date_gmt":"2024-01-30T13:25:04","guid":{"rendered":"https:\/\/ralco.it\/azienda\/"},"modified":"2024-06-24T12:17:37","modified_gmt":"2024-06-24T10:17:37","slug":"azienda","status":"publish","type":"page","link":"https:\/\/ralco.it\/it\/azienda\/","title":{"rendered":"Azienda"},"content":{"rendered":"\t\t<div data-elementor-type=\"wp-page\" data-elementor-id=\"1360\" class=\"elementor elementor-1360 elementor-248\" data-elementor-post-type=\"page\">\n\t\t\t\t<div class=\"elementor-element elementor-element-205aaa3 e-flex e-con-boxed e-con e-parent\" data-id=\"205aaa3\" data-element_type=\"container\" data-e-type=\"container\">\n\t\t\t\t\t<div class=\"e-con-inner\">\n\t\t<div class=\"elementor-element elementor-element-a1dde27 e-flex e-con-boxed e-con e-child\" data-id=\"a1dde27\" data-element_type=\"container\" data-e-type=\"container\">\n\t\t\t\t\t<div class=\"e-con-inner\">\n\t\t\t\t\t<\/div>\n\t\t\t\t<\/div>\n\t\t\t\t\t<\/div>\n\t\t\t\t<\/div>\n\t\t<div class=\"elementor-element elementor-element-062632c e-flex e-con-boxed e-con e-parent\" data-id=\"062632c\" data-element_type=\"container\" data-e-type=\"container\">\n\t\t\t\t\t<div class=\"e-con-inner\">\n\t\t<div class=\"elementor-element elementor-element-0182b20 e-con-full e-flex e-con e-child\" data-id=\"0182b20\" data-element_type=\"container\" data-e-type=\"container\">\n\t\t\t\t<div class=\"elementor-element elementor-element-5dcb3ab elementor-widget elementor-widget-heading\" data-id=\"5dcb3ab\" data-element_type=\"widget\" data-e-type=\"widget\" data-widget_type=\"heading.default\">\n\t\t\t\t<div class=\"elementor-widget-container\">\n\t\t\t\t\t<h5 class=\"elementor-heading-title elementor-size-default\">RALCO SRL<\/h5>\t\t\t\t<\/div>\n\t\t\t\t<\/div>\n\t\t\t\t<\/div>\n\t\t<div class=\"elementor-element elementor-element-d97fdf0 e-con-full e-flex e-con e-child\" data-id=\"d97fdf0\" data-element_type=\"container\" data-e-type=\"container\">\n\t\t\t\t<div class=\"elementor-element elementor-element-d8c0e8b elementor-widget elementor-widget-text-editor\" data-id=\"d8c0e8b\" data-element_type=\"widget\" data-e-type=\"widget\" data-widget_type=\"text-editor.default\">\n\t\t\t\t<div class=\"elementor-widget-container\">\n\t\t\t\t\t\t\t\t\t<p><strong>Ralco \u00e8 un&#8217;azienda familiare di seconda generazione, fondata nel 1974, con sede centrale alle porte di Milano e ufficio americano nel nord della California. \u00c8 leader nel mercato dei collimatori per raggi X medicali, specializzata in unit\u00e0 personalizzate costruite in base alle specifiche del cliente.  <\/strong><\/p>\n<p>Con oltre 50 anni di attivit\u00e0 nel settore, Ralco \u00e8 cresciuta costantemente come azienda e nelle sue competenze, con un personale che va dai 30 anni di esperienza alle recenti assunzioni al di fuori del settore. Ralco dispone di una profonda memoria istituzionale e delle conoscenze necessarie per assisterti nelle tue applicazioni radiologiche.<\/p>\n<p>Ralco possiede un notevole know-how nella progettazione e nella produzione meccatronica nel caso in cui la tua applicazione sia adiacente all&#8217;industria radiologica.<\/p>\n\t\t\t\t\t\t\t\t<\/div>\n\t\t\t\t<\/div>\n\t\t\t\t<div class=\"elementor-element elementor-element-40dbc23 elementor-align-left elementor-widget elementor-widget-button\" data-id=\"40dbc23\" data-element_type=\"widget\" data-e-type=\"widget\" data-widget_type=\"button.default\">\n\t\t\t\t<div class=\"elementor-widget-container\">\n\t\t\t\t\t\t\t\t\t<div class=\"elementor-button-wrapper\">\n\t\t\t\t\t<a class=\"elementor-button elementor-button-link elementor-size-sm\" href=\"#elementor-action%3Aaction%3Dlightbox%26settings%3DeyJ0eXBlIjoidmlkZW8iLCJ2aWRlb1R5cGUiOiJ5b3V0dWJlIiwidXJsIjoiaHR0cHM6XC9cL3d3dy55b3V0dWJlLmNvbVwvZW1iZWRcL1BvQmZPSmxCRGY0P2ZlYXR1cmU9b2VtYmVkIn0%3D\">\n\t\t\t\t\t\t<span class=\"elementor-button-content-wrapper\">\n\t\t\t\t\t\t<span class=\"elementor-button-icon\">\n\t\t\t\t<svg aria-hidden=\"true\" class=\"e-font-icon-svg e-fas-video\" viewBox=\"0 0 576 512\" xmlns=\"http:\/\/www.w3.org\/2000\/svg\"><path d=\"M336.2 64H47.8C21.4 64 0 85.4 0 111.8v288.4C0 426.6 21.4 448 47.8 448h288.4c26.4 0 47.8-21.4 47.8-47.8V111.8c0-26.4-21.4-47.8-47.8-47.8zm189.4 37.7L416 177.3v157.4l109.6 75.5c21.2 14.6 50.4-.3 50.4-25.8V127.5c0-25.4-29.1-40.4-50.4-25.8z\"><\/path><\/svg>\t\t\t<\/span>\n\t\t\t\t\t\t\t\t\t<span class=\"elementor-button-text\">guarda il nostro video<\/span>\n\t\t\t\t\t<\/span>\n\t\t\t\t\t<\/a>\n\t\t\t\t<\/div>\n\t\t\t\t\t\t\t\t<\/div>\n\t\t\t\t<\/div>\n\t\t<div class=\"elementor-element elementor-element-31ea4a6 e-flex e-con-boxed e-con e-child\" data-id=\"31ea4a6\" data-element_type=\"container\" data-e-type=\"container\">\n\t\t\t\t\t<div class=\"e-con-inner\">\n\t\t<div class=\"elementor-element elementor-element-6d1a7d0 e-con-full e-flex e-con e-child\" data-id=\"6d1a7d0\" data-element_type=\"container\" data-e-type=\"container\" data-settings=\"{&quot;background_background&quot;:&quot;classic&quot;}\">\n\t\t\t\t<div class=\"elementor-element elementor-element-0a5cc12 elementor-widget elementor-widget-image\" data-id=\"0a5cc12\" data-element_type=\"widget\" data-e-type=\"widget\" data-widget_type=\"image.default\">\n\t\t\t\t<div class=\"elementor-widget-container\">\n\t\t\t\t\t\t\t\t\t\t\t\t\t\t\t<img fetchpriority=\"high\" decoding=\"async\" width=\"600\" height=\"600\" src=\"https:\/\/ralco.it\/wp-content\/uploads\/2024\/05\/ffrSSGNfm-q.jpg\" class=\"attachment-full size-full wp-image-1352\" alt=\"\" srcset=\"https:\/\/ralco.it\/wp-content\/uploads\/2024\/05\/ffrSSGNfm-q.jpg 600w, https:\/\/ralco.it\/wp-content\/uploads\/2024\/05\/ffrSSGNfm-q-300x300.jpg 300w, https:\/\/ralco.it\/wp-content\/uploads\/2024\/05\/ffrSSGNfm-q-150x150.jpg 150w, https:\/\/ralco.it\/wp-content\/uploads\/2024\/05\/ffrSSGNfm-q-100x100.jpg 100w\" sizes=\"(max-width: 600px) 100vw, 600px\" \/>\t\t\t\t\t\t\t\t\t\t\t\t\t\t\t<\/div>\n\t\t\t\t<\/div>\n\t\t\t\t<\/div>\n\t\t<div class=\"elementor-element elementor-element-0c779d9 e-flex e-con-boxed e-con e-child\" data-id=\"0c779d9\" data-element_type=\"container\" data-e-type=\"container\">\n\t\t\t\t\t<div class=\"e-con-inner\">\n\t\t\t\t<div class=\"elementor-element elementor-element-682de18 elementor-align-left elementor-widget elementor-widget-button\" data-id=\"682de18\" data-element_type=\"widget\" data-e-type=\"widget\" data-widget_type=\"button.default\">\n\t\t\t\t<div class=\"elementor-widget-container\">\n\t\t\t\t\t\t\t\t\t<div class=\"elementor-button-wrapper\">\n\t\t\t\t\t<a class=\"elementor-button elementor-button-link elementor-size-sm\" href=\"#\">\n\t\t\t\t\t\t<span class=\"elementor-button-content-wrapper\">\n\t\t\t\t\t\t\t\t\t<span class=\"elementor-button-text\">i nostri collimatori<\/span>\n\t\t\t\t\t<\/span>\n\t\t\t\t\t<\/a>\n\t\t\t\t<\/div>\n\t\t\t\t\t\t\t\t<\/div>\n\t\t\t\t<\/div>\n\t\t\t\t<div class=\"elementor-element elementor-element-c9c2d1c elementor-widget elementor-widget-text-editor\" data-id=\"c9c2d1c\" data-element_type=\"widget\" data-e-type=\"widget\" data-widget_type=\"text-editor.default\">\n\t\t\t\t<div class=\"elementor-widget-container\">\n\t\t\t\t\t\t\t\t\t<p>Ralco \u00e8 orgogliosa del suo ampio portfolio di prodotti che comprende la maggior parte delle applicazioni radiologiche, dai semplici sistemi portatili alle complesse tecnologie di scansione TC. L&#8217;azienda e i relativi prodotti soddisfano gli standard ISO 9001, ISO 13485 e FDA.<\/p>\n<p>Tutte le fasi del prodotto vengono svolte internamente, dalla gestione del progetto, alla progettazione delle schede PC, all&#8217;officina meccanica, alle stampanti 3D e ai metodi di produzione innovativi.<\/p>\n\t\t\t\t\t\t\t\t<\/div>\n\t\t\t\t<\/div>\n\t\t\t\t\t<\/div>\n\t\t\t\t<\/div>\n\t\t\t\t\t<\/div>\n\t\t\t\t<\/div>\n\t\t\t\t<\/div>\n\t\t\t\t\t<\/div>\n\t\t\t\t<\/div>\n\t\t<div class=\"elementor-element elementor-element-c37077b e-con-full e-flex e-con e-parent\" data-id=\"c37077b\" data-element_type=\"container\" data-e-type=\"container\">\n\t\t\t\t<div class=\"elementor-element elementor-element-d055d5c bdt-carousel-style-carousel elementor-widget elementor-widget-prime-slider-tango\" data-id=\"d055d5c\" data-element_type=\"widget\" data-e-type=\"widget\" data-widget_type=\"prime-slider-tango.default\">\n\t\t\t\t<div class=\"elementor-widget-container\">\n\t\t\t\t\t\t\t<div class=\"bdt-prime-slider\">\n\t\t<div id=\"bdt-prime-slider-d055d5c\" class=\"bdt-prime-slider-tango elementor-swiper\" data-settings=\"{&quot;autoplay&quot;:{&quot;delay&quot;:5000},&quot;loop&quot;:true,&quot;speed&quot;:900,&quot;slidesPerView&quot;:1,&quot;slidesPerGroup&quot;:1,&quot;centeredSlides&quot;:true,&quot;effect&quot;:&quot;carousel&quot;,&quot;breakpoints&quot;:{&quot;768&quot;:{&quot;slidesPerView&quot;:2,&quot;spaceBetween&quot;:0,&quot;slidesPerGroup&quot;:1},&quot;1024&quot;:{&quot;slidesPerView&quot;:4,&quot;spaceBetween&quot;:40,&quot;slidesPerGroup&quot;:1}},&quot;navigation&quot;:{&quot;nextEl&quot;:&quot;#bdt-prime-slider-d055d5c .bdt-navigation-next&quot;,&quot;prevEl&quot;:&quot;#bdt-prime-slider-d055d5c .bdt-navigation-prev&quot;},&quot;pagination&quot;:{&quot;el&quot;:&quot;#bdt-prime-slider-d055d5c .swiper-pagination&quot;,&quot;clickable&quot;:&quot;true&quot;},&quot;coverflowEffect&quot;:{&quot;rotate&quot;:0,&quot;stretch&quot;:180,&quot;depth&quot;:100,&quot;modifier&quot;:1,&quot;slideShadows&quot;:true}}\">\n\t\t\t<div class=\"swiper-tango swiper\" role=\"region\" aria-roledescription=\"carousel\" aria-label=\"Tango Slider\" dir=\"ltr\">\n\t\t\t\t<div class=\"swiper-wrapper\">\n\t\t\n            <div class=\"swiper-slide bdt-item\">\n\t\t\t\t<div class=\"bdt-image-wrap\">\n\t\t\t\t\t<img decoding=\"async\" width=\"1680\" height=\"1069\" src=\"https:\/\/ralco.it\/wp-content\/uploads\/2024\/01\/dimensioniRalco-azienda-dic216354.jpg\" class=\"bdt-img\" alt=\"Item One\" srcset=\"https:\/\/ralco.it\/wp-content\/uploads\/2024\/01\/dimensioniRalco-azienda-dic216354.jpg 1680w, https:\/\/ralco.it\/wp-content\/uploads\/2024\/01\/dimensioniRalco-azienda-dic216354-300x191.jpg 300w, https:\/\/ralco.it\/wp-content\/uploads\/2024\/01\/dimensioniRalco-azienda-dic216354-1024x652.jpg 1024w, https:\/\/ralco.it\/wp-content\/uploads\/2024\/01\/dimensioniRalco-azienda-dic216354-768x489.jpg 768w, https:\/\/ralco.it\/wp-content\/uploads\/2024\/01\/dimensioniRalco-azienda-dic216354-1536x977.jpg 1536w, https:\/\/ralco.it\/wp-content\/uploads\/2024\/01\/dimensioniRalco-azienda-dic216354-600x382.jpg 600w\" sizes=\"(max-width: 1680px) 100vw, 1680px\" \/>\t\t\t\t<\/div>\n\t\t\t\t<div class=\"bdt-content-wrap\">\n\n\t\t\t\t\n\t\t\t\t\t\t\t\t\t<\/div>\n\t\t\t\t\t\t\t<\/div>\n\n        \n            <div class=\"swiper-slide bdt-item\">\n\t\t\t\t<div class=\"bdt-image-wrap\">\n\t\t\t\t\t<img decoding=\"async\" width=\"1675\" height=\"1066\" src=\"https:\/\/ralco.it\/wp-content\/uploads\/2024\/01\/dimensioniRalco-azienda-dic216393.jpg\" class=\"bdt-img\" alt=\"Item Two\" srcset=\"https:\/\/ralco.it\/wp-content\/uploads\/2024\/01\/dimensioniRalco-azienda-dic216393.jpg 1675w, https:\/\/ralco.it\/wp-content\/uploads\/2024\/01\/dimensioniRalco-azienda-dic216393-300x191.jpg 300w, https:\/\/ralco.it\/wp-content\/uploads\/2024\/01\/dimensioniRalco-azienda-dic216393-1024x652.jpg 1024w, https:\/\/ralco.it\/wp-content\/uploads\/2024\/01\/dimensioniRalco-azienda-dic216393-768x489.jpg 768w, https:\/\/ralco.it\/wp-content\/uploads\/2024\/01\/dimensioniRalco-azienda-dic216393-1536x978.jpg 1536w, https:\/\/ralco.it\/wp-content\/uploads\/2024\/01\/dimensioniRalco-azienda-dic216393-600x382.jpg 600w\" sizes=\"(max-width: 1675px) 100vw, 1675px\" \/>\t\t\t\t<\/div>\n\t\t\t\t<div class=\"bdt-content-wrap\">\n\n\t\t\t\t\n\t\t\t\t\t\t\t\t\t<\/div>\n\t\t\t\t\t\t\t<\/div>\n\n        \n            <div class=\"swiper-slide bdt-item\">\n\t\t\t\t<div class=\"bdt-image-wrap\">\n\t\t\t\t\t<img loading=\"lazy\" decoding=\"async\" width=\"1680\" height=\"1120\" src=\"https:\/\/ralco.it\/wp-content\/uploads\/2024\/01\/dimensioniRalco-azienda-dic216424.jpg\" class=\"bdt-img\" alt=\"Item Three\" srcset=\"https:\/\/ralco.it\/wp-content\/uploads\/2024\/01\/dimensioniRalco-azienda-dic216424.jpg 1680w, https:\/\/ralco.it\/wp-content\/uploads\/2024\/01\/dimensioniRalco-azienda-dic216424-300x200.jpg 300w, https:\/\/ralco.it\/wp-content\/uploads\/2024\/01\/dimensioniRalco-azienda-dic216424-1024x683.jpg 1024w, https:\/\/ralco.it\/wp-content\/uploads\/2024\/01\/dimensioniRalco-azienda-dic216424-768x512.jpg 768w, https:\/\/ralco.it\/wp-content\/uploads\/2024\/01\/dimensioniRalco-azienda-dic216424-1536x1024.jpg 1536w, https:\/\/ralco.it\/wp-content\/uploads\/2024\/01\/dimensioniRalco-azienda-dic216424-600x400.jpg 600w\" sizes=\"(max-width: 1680px) 100vw, 1680px\" \/>\t\t\t\t<\/div>\n\t\t\t\t<div class=\"bdt-content-wrap\">\n\n\t\t\t\t\n\t\t\t\t\t\t\t\t\t<\/div>\n\t\t\t\t\t\t\t<\/div>\n\n        \n            <div class=\"swiper-slide bdt-item\">\n\t\t\t\t<div class=\"bdt-image-wrap\">\n\t\t\t\t\t<img loading=\"lazy\" decoding=\"async\" width=\"1674\" height=\"985\" src=\"https:\/\/ralco.it\/wp-content\/uploads\/2024\/01\/dimensioniRalco-azienda-dic216573.jpg\" class=\"bdt-img\" alt=\"Item Four\" srcset=\"https:\/\/ralco.it\/wp-content\/uploads\/2024\/01\/dimensioniRalco-azienda-dic216573.jpg 1674w, https:\/\/ralco.it\/wp-content\/uploads\/2024\/01\/dimensioniRalco-azienda-dic216573-300x177.jpg 300w, https:\/\/ralco.it\/wp-content\/uploads\/2024\/01\/dimensioniRalco-azienda-dic216573-1024x603.jpg 1024w, https:\/\/ralco.it\/wp-content\/uploads\/2024\/01\/dimensioniRalco-azienda-dic216573-768x452.jpg 768w, https:\/\/ralco.it\/wp-content\/uploads\/2024\/01\/dimensioniRalco-azienda-dic216573-1536x904.jpg 1536w, https:\/\/ralco.it\/wp-content\/uploads\/2024\/01\/dimensioniRalco-azienda-dic216573-600x353.jpg 600w\" sizes=\"(max-width: 1674px) 100vw, 1674px\" \/>\t\t\t\t<\/div>\n\t\t\t\t<div class=\"bdt-content-wrap\">\n\n\t\t\t\t\n\t\t\t\t\t\t\t\t\t<\/div>\n\t\t\t\t\t\t\t<\/div>\n\n        \n            <div class=\"swiper-slide bdt-item\">\n\t\t\t\t<div class=\"bdt-image-wrap\">\n\t\t\t\t\t<img loading=\"lazy\" decoding=\"async\" width=\"1667\" height=\"935\" src=\"https:\/\/ralco.it\/wp-content\/uploads\/2024\/01\/dimensioniRalco-azienda-dic216601.jpg\" class=\"bdt-img\" alt=\"Item Four\" srcset=\"https:\/\/ralco.it\/wp-content\/uploads\/2024\/01\/dimensioniRalco-azienda-dic216601.jpg 1667w, https:\/\/ralco.it\/wp-content\/uploads\/2024\/01\/dimensioniRalco-azienda-dic216601-300x168.jpg 300w, https:\/\/ralco.it\/wp-content\/uploads\/2024\/01\/dimensioniRalco-azienda-dic216601-1024x574.jpg 1024w, https:\/\/ralco.it\/wp-content\/uploads\/2024\/01\/dimensioniRalco-azienda-dic216601-768x431.jpg 768w, https:\/\/ralco.it\/wp-content\/uploads\/2024\/01\/dimensioniRalco-azienda-dic216601-1536x862.jpg 1536w, https:\/\/ralco.it\/wp-content\/uploads\/2024\/01\/dimensioniRalco-azienda-dic216601-600x337.jpg 600w\" sizes=\"(max-width: 1667px) 100vw, 1667px\" \/>\t\t\t\t<\/div>\n\t\t\t\t<div class=\"bdt-content-wrap\">\n\n\t\t\t\t\n\t\t\t\t\t\t\t\t\t<\/div>\n\t\t\t\t\t\t\t<\/div>\n\n        \n            <div class=\"swiper-slide bdt-item\">\n\t\t\t\t<div class=\"bdt-image-wrap\">\n\t\t\t\t\t<img loading=\"lazy\" decoding=\"async\" width=\"1706\" height=\"935\" src=\"https:\/\/ralco.it\/wp-content\/uploads\/2024\/01\/dimensioniRalco-azienda-dic216630.jpg\" class=\"bdt-img\" alt=\"Item Four\" srcset=\"https:\/\/ralco.it\/wp-content\/uploads\/2024\/01\/dimensioniRalco-azienda-dic216630.jpg 1706w, https:\/\/ralco.it\/wp-content\/uploads\/2024\/01\/dimensioniRalco-azienda-dic216630-300x164.jpg 300w, https:\/\/ralco.it\/wp-content\/uploads\/2024\/01\/dimensioniRalco-azienda-dic216630-1024x561.jpg 1024w, https:\/\/ralco.it\/wp-content\/uploads\/2024\/01\/dimensioniRalco-azienda-dic216630-768x421.jpg 768w, https:\/\/ralco.it\/wp-content\/uploads\/2024\/01\/dimensioniRalco-azienda-dic216630-1536x842.jpg 1536w, https:\/\/ralco.it\/wp-content\/uploads\/2024\/01\/dimensioniRalco-azienda-dic216630-600x329.jpg 600w\" sizes=\"(max-width: 1706px) 100vw, 1706px\" \/>\t\t\t\t<\/div>\n\t\t\t\t<div class=\"bdt-content-wrap\">\n\n\t\t\t\t\n\t\t\t\t\t\t\t\t\t<\/div>\n\t\t\t\t\t\t\t<\/div>\n\n        \n            <div class=\"swiper-slide bdt-item\">\n\t\t\t\t<div class=\"bdt-image-wrap\">\n\t\t\t\t\t<img loading=\"lazy\" decoding=\"async\" width=\"1553\" height=\"1051\" src=\"https:\/\/ralco.it\/wp-content\/uploads\/2024\/01\/dimensioniRalco-azienda-dic216719.jpg\" class=\"bdt-img\" alt=\"Item Four\" srcset=\"https:\/\/ralco.it\/wp-content\/uploads\/2024\/01\/dimensioniRalco-azienda-dic216719.jpg 1553w, https:\/\/ralco.it\/wp-content\/uploads\/2024\/01\/dimensioniRalco-azienda-dic216719-300x203.jpg 300w, https:\/\/ralco.it\/wp-content\/uploads\/2024\/01\/dimensioniRalco-azienda-dic216719-1024x693.jpg 1024w, https:\/\/ralco.it\/wp-content\/uploads\/2024\/01\/dimensioniRalco-azienda-dic216719-768x520.jpg 768w, https:\/\/ralco.it\/wp-content\/uploads\/2024\/01\/dimensioniRalco-azienda-dic216719-1536x1039.jpg 1536w, https:\/\/ralco.it\/wp-content\/uploads\/2024\/01\/dimensioniRalco-azienda-dic216719-600x406.jpg 600w\" sizes=\"(max-width: 1553px) 100vw, 1553px\" \/>\t\t\t\t<\/div>\n\t\t\t\t<div class=\"bdt-content-wrap\">\n\n\t\t\t\t\n\t\t\t\t\t\t\t\t\t<\/div>\n\t\t\t\t\t\t\t<\/div>\n\n        \n            <div class=\"swiper-slide bdt-item\">\n\t\t\t\t<div class=\"bdt-image-wrap\">\n\t\t\t\t\t<img loading=\"lazy\" decoding=\"async\" width=\"1664\" height=\"939\" src=\"https:\/\/ralco.it\/wp-content\/uploads\/2024\/01\/dimensioniRalco-azienda-dic216731.jpg\" class=\"bdt-img\" alt=\"Item Four\" srcset=\"https:\/\/ralco.it\/wp-content\/uploads\/2024\/01\/dimensioniRalco-azienda-dic216731.jpg 1664w, https:\/\/ralco.it\/wp-content\/uploads\/2024\/01\/dimensioniRalco-azienda-dic216731-300x169.jpg 300w, https:\/\/ralco.it\/wp-content\/uploads\/2024\/01\/dimensioniRalco-azienda-dic216731-1024x578.jpg 1024w, https:\/\/ralco.it\/wp-content\/uploads\/2024\/01\/dimensioniRalco-azienda-dic216731-768x433.jpg 768w, https:\/\/ralco.it\/wp-content\/uploads\/2024\/01\/dimensioniRalco-azienda-dic216731-1536x867.jpg 1536w, https:\/\/ralco.it\/wp-content\/uploads\/2024\/01\/dimensioniRalco-azienda-dic216731-600x339.jpg 600w\" sizes=\"(max-width: 1664px) 100vw, 1664px\" \/>\t\t\t\t<\/div>\n\t\t\t\t<div class=\"bdt-content-wrap\">\n\n\t\t\t\t\n\t\t\t\t\t\t\t\t\t<\/div>\n\t\t\t\t\t\t\t<\/div>\n\n        \n            <div class=\"swiper-slide bdt-item\">\n\t\t\t\t<div class=\"bdt-image-wrap\">\n\t\t\t\t\t<img loading=\"lazy\" decoding=\"async\" width=\"1629\" height=\"916\" src=\"https:\/\/ralco.it\/wp-content\/uploads\/2024\/01\/dimensioniRalco-azienda-dic216737.jpg\" class=\"bdt-img\" alt=\"Item Four\" srcset=\"https:\/\/ralco.it\/wp-content\/uploads\/2024\/01\/dimensioniRalco-azienda-dic216737.jpg 1629w, https:\/\/ralco.it\/wp-content\/uploads\/2024\/01\/dimensioniRalco-azienda-dic216737-300x169.jpg 300w, https:\/\/ralco.it\/wp-content\/uploads\/2024\/01\/dimensioniRalco-azienda-dic216737-1024x576.jpg 1024w, https:\/\/ralco.it\/wp-content\/uploads\/2024\/01\/dimensioniRalco-azienda-dic216737-768x432.jpg 768w, https:\/\/ralco.it\/wp-content\/uploads\/2024\/01\/dimensioniRalco-azienda-dic216737-1536x864.jpg 1536w, https:\/\/ralco.it\/wp-content\/uploads\/2024\/01\/dimensioniRalco-azienda-dic216737-600x337.jpg 600w\" sizes=\"(max-width: 1629px) 100vw, 1629px\" \/>\t\t\t\t<\/div>\n\t\t\t\t<div class=\"bdt-content-wrap\">\n\n\t\t\t\t\n\t\t\t\t\t\t\t\t\t<\/div>\n\t\t\t\t\t\t\t<\/div>\n\n        \t\t\t\t<\/div>\n\t\t\t<\/div>\n\t\t\t\n\t\t\t\t\t\t\t\t\t\n\t\t\t<div class=\"swiper-pagination reveal-muted\"><\/div>\n\t\t\t<!-- <div class=\"swiper-scrollbar\"><\/div> -->\n\t\t\t\n\t\t\t\t\t\t\t\t\n\t\t\t\n\t\t\t\t<\/div>\n\t\t<\/div>\n\n\t\t\t\t\t\t<\/div>\n\t\t\t\t<\/div>\n\t\t\t\t<\/div>\n\t\t\t\t<\/div>\n\t\t","protected":false},"excerpt":{"rendered":"<p>RALCO SRL Ralco \u00e8 un&#8217;azienda familiare di seconda generazione, fondata nel 1974, con sede centrale alle porte di Milano e ufficio americano nel nord della California. \u00c8 leader nel mercato dei collimatori per raggi X medicali, specializzata in unit\u00e0 personalizzate costruite in base alle specifiche del cliente. Con oltre 50 anni di attivit\u00e0 nel settore, [&hellip;]<\/p>\n","protected":false},"author":1,"featured_media":0,"parent":0,"menu_order":0,"comment_status":"closed","ping_status":"closed","template":"","meta":{"footnotes":""},"class_list":["post-1360","page","type-page","status-publish","hentry"],"_links":{"self":[{"href":"https:\/\/ralco.it\/it\/wp-json\/wp\/v2\/pages\/1360","targetHints":{"allow":["GET"]}}],"collection":[{"href":"https:\/\/ralco.it\/it\/wp-json\/wp\/v2\/pages"}],"about":[{"href":"https:\/\/ralco.it\/it\/wp-json\/wp\/v2\/types\/page"}],"author":[{"embeddable":true,"href":"https:\/\/ralco.it\/it\/wp-json\/wp\/v2\/users\/1"}],"replies":[{"embeddable":true,"href":"https:\/\/ralco.it\/it\/wp-json\/wp\/v2\/comments?post=1360"}],"version-history":[{"count":10,"href":"https:\/\/ralco.it\/it\/wp-json\/wp\/v2\/pages\/1360\/revisions"}],"predecessor-version":[{"id":1800,"href":"https:\/\/ralco.it\/it\/wp-json\/wp\/v2\/pages\/1360\/revisions\/1800"}],"wp:attachment":[{"href":"https:\/\/ralco.it\/it\/wp-json\/wp\/v2\/media?parent=1360"}],"curies":[{"name":"wp","href":"https:\/\/api.w.org\/{rel}","templated":true}]}}